{"id":69,"date":"2023-10-11T12:08:25","date_gmt":"2023-10-11T10:08:25","guid":{"rendered":"https:\/\/photographe-mariage-paris.eu\/blog\/?page_id=69"},"modified":"2026-04-01T19:43:36","modified_gmt":"2026-04-01T17:43:36","slug":"lequipe","status":"publish","type":"page","link":"https:\/\/photographe-mariage-paris.eu\/blog\/lequipe\/","title":{"rendered":"L&rsquo;\u00e9quipe &#038; \u00c9dito"},"content":{"rendered":"<p><span style=\"font-weight: 400;\">\u00a0Photographe Mariage Paris est le site d&rsquo;un photographe sp\u00e9cialis\u00e9 dans la capture des plus beaux moments de votre mariage \u00e0 Paris et en \u00cele-de-France. Reportages de mariage, s\u00e9ances engagement, portraits de couple : nous immortalisons chaque \u00e9motion avec un regard artistique et discret. Un style documentaire et naturel pour des souvenirs authentiques.<\/span><span style=\"font-weight: 400;\">\u00a0Notre studio est anim\u00e9 par un photographe de mariage sp\u00e9cialis\u00e9 dans le style reportage et documentary wedding, accompagn\u00e9 d&rsquo;une assistante en charge de la relation client et de la post-production.<\/span><\/p>\n","protected":false},"excerpt":{"rendered":"","protected":false},"author":34,"featured_media":0,"parent":0,"menu_order":0,"comment_status":"closed","ping_status":"closed","template":"","meta":{"_acf_changed":false,"manual_indexmenow":false,"indexmenow_id_project":0,"footnotes":""},"class_list":["post-69","page","type-page","status-publish"],"acf":[],"yoast_head":"<!-- This site is optimized with the Yoast SEO Premium plugin v21.3 (Yoast SEO v26.5) - https:\/\/yoast.com\/wordpress\/plugins\/seo\/ -->\n<title>L&#039;\u00e9quipe &amp; \u00c9dito<\/title>\n<meta name=\"description\" content=\"\u00a0Photographe Mariage Paris est le site d&#039;un photographe sp\u00e9cialis\u00e9 dans la capture des plus beaux moments de votre mariage \u00e0 Paris et en \u00cele-de-France.\" \/>\n<meta name=\"robots\" content=\"index, follow, max-snippet:-1, max-image-preview:large, max-video-preview:-1\" \/>\n<link rel=\"canonical\" href=\"https:\/\/photographe-mariage-paris.eu\/blog\/lequipe\/\" \/>\n<meta property=\"og:locale\" content=\"fr_FR\" \/>\n<meta property=\"og:type\" content=\"article\" \/>\n<meta property=\"og:title\" content=\"L&#039;\u00e9quipe &amp; \u00c9dito\" \/>\n<meta property=\"og:description\" content=\"\u00a0Photographe Mariage Paris est le site d&#039;un photographe sp\u00e9cialis\u00e9 dans la capture des plus beaux moments de votre mariage \u00e0 Paris et en \u00cele-de-France.\" \/>\n<meta property=\"og:url\" content=\"https:\/\/photographe-mariage-paris.eu\/blog\/lequipe\/\" \/>\n<meta property=\"og:site_name\" content=\"photographe-mariage-paris.eu\" \/>\n<meta name=\"twitter:card\" content=\"summary_large_image\" \/>\n<script type=\"application\/ld+json\" class=\"yoast-schema-graph\">{\"@context\":\"https:\/\/schema.org\",\"@graph\":[{\"@type\":\"WebPage\",\"@id\":\"https:\/\/photographe-mariage-paris.eu\/blog\/lequipe\/\",\"url\":\"https:\/\/photographe-mariage-paris.eu\/blog\/lequipe\/\",\"name\":\"L'\u00e9quipe & \u00c9dito\",\"isPartOf\":{\"@id\":\"https:\/\/photographe-mariage-paris.eu\/blog\/#website\"},\"datePublished\":\"2023-10-11T10:08:25+00:00\",\"dateModified\":\"2026-04-01T17:43:36+00:00\",\"description\":\"\u00a0Photographe Mariage Paris est le site d'un photographe sp\u00e9cialis\u00e9 dans la capture des plus beaux moments de votre mariage \u00e0 Paris et en \u00cele-de-France.\",\"inLanguage\":\"fr-FR\",\"potentialAction\":[{\"@type\":\"ReadAction\",\"target\":[\"https:\/\/photographe-mariage-paris.eu\/blog\/lequipe\/\"]}]},{\"@type\":\"WebSite\",\"@id\":\"https:\/\/photographe-mariage-paris.eu\/blog\/#website\",\"url\":\"https:\/\/photographe-mariage-paris.eu\/blog\/\",\"name\":\"photographe-mariage-paris.eu\",\"description\":\"L\u2019art de sublimer votre union.\",\"publisher\":{\"@id\":\"https:\/\/photographe-mariage-paris.eu\/blog\/#organization\"},\"alternateName\":\"L\u2019art de sublimer votre union.\",\"potentialAction\":[{\"@type\":\"SearchAction\",\"target\":{\"@type\":\"EntryPoint\",\"urlTemplate\":\"https:\/\/photographe-mariage-paris.eu\/blog\/?s={search_term_string}\"},\"query-input\":{\"@type\":\"PropertyValueSpecification\",\"valueRequired\":true,\"valueName\":\"search_term_string\"}}],\"inLanguage\":\"fr-FR\"},{\"@type\":\"Organization\",\"@id\":\"https:\/\/photographe-mariage-paris.eu\/blog\/#organization\",\"name\":\"Foretsensations.fr\",\"url\":\"https:\/\/photographe-mariage-paris.eu\/blog\/\",\"logo\":{\"@type\":\"ImageObject\",\"inLanguage\":\"fr-FR\",\"@id\":\"https:\/\/photographe-mariage-paris.eu\/blog\/#\/schema\/logo\/image\/\",\"url\":\"https:\/\/photographe-mariage-paris.eu\/blog\/wp-content\/uploads\/2024\/12\/24.png\",\"contentUrl\":\"https:\/\/photographe-mariage-paris.eu\/blog\/wp-content\/uploads\/2024\/12\/24.png\",\"width\":512,\"height\":512,\"caption\":\"Foretsensations.fr\"},\"image\":{\"@id\":\"https:\/\/photographe-mariage-paris.eu\/blog\/#\/schema\/logo\/image\/\"}}]}<\/script>\n<!-- \/ Yoast SEO Premium plugin. -->","yoast_head_json":{"title":"L'\u00e9quipe & \u00c9dito","description":"\u00a0Photographe Mariage Paris est le site d'un photographe sp\u00e9cialis\u00e9 dans la capture des plus beaux moments de votre mariage \u00e0 Paris et en \u00cele-de-France.","robots":{"index":"index","follow":"follow","max-snippet":"max-snippet:-1","max-image-preview":"max-image-preview:large","max-video-preview":"max-video-preview:-1"},"canonical":"https:\/\/photographe-mariage-paris.eu\/blog\/lequipe\/","og_locale":"fr_FR","og_type":"article","og_title":"L'\u00e9quipe & \u00c9dito","og_description":"\u00a0Photographe Mariage Paris est le site d'un photographe sp\u00e9cialis\u00e9 dans la capture des plus beaux moments de votre mariage \u00e0 Paris et en \u00cele-de-France.","og_url":"https:\/\/photographe-mariage-paris.eu\/blog\/lequipe\/","og_site_name":"photographe-mariage-paris.eu","twitter_card":"summary_large_image","schema":{"@context":"https:\/\/schema.org","@graph":[{"@type":"WebPage","@id":"https:\/\/photographe-mariage-paris.eu\/blog\/lequipe\/","url":"https:\/\/photographe-mariage-paris.eu\/blog\/lequipe\/","name":"L'\u00e9quipe & \u00c9dito","isPartOf":{"@id":"https:\/\/photographe-mariage-paris.eu\/blog\/#website"},"datePublished":"2023-10-11T10:08:25+00:00","dateModified":"2026-04-01T17:43:36+00:00","description":"\u00a0Photographe Mariage Paris est le site d'un photographe sp\u00e9cialis\u00e9 dans la capture des plus beaux moments de votre mariage \u00e0 Paris et en \u00cele-de-France.","inLanguage":"fr-FR","potentialAction":[{"@type":"ReadAction","target":["https:\/\/photographe-mariage-paris.eu\/blog\/lequipe\/"]}]},{"@type":"WebSite","@id":"https:\/\/photographe-mariage-paris.eu\/blog\/#website","url":"https:\/\/photographe-mariage-paris.eu\/blog\/","name":"photographe-mariage-paris.eu","description":"L\u2019art de sublimer votre union.","publisher":{"@id":"https:\/\/photographe-mariage-paris.eu\/blog\/#organization"},"alternateName":"L\u2019art de sublimer votre union.","potentialAction":[{"@type":"SearchAction","target":{"@type":"EntryPoint","urlTemplate":"https:\/\/photographe-mariage-paris.eu\/blog\/?s={search_term_string}"},"query-input":{"@type":"PropertyValueSpecification","valueRequired":true,"valueName":"search_term_string"}}],"inLanguage":"fr-FR"},{"@type":"Organization","@id":"https:\/\/photographe-mariage-paris.eu\/blog\/#organization","name":"Foretsensations.fr","url":"https:\/\/photographe-mariage-paris.eu\/blog\/","logo":{"@type":"ImageObject","inLanguage":"fr-FR","@id":"https:\/\/photographe-mariage-paris.eu\/blog\/#\/schema\/logo\/image\/","url":"https:\/\/photographe-mariage-paris.eu\/blog\/wp-content\/uploads\/2024\/12\/24.png","contentUrl":"https:\/\/photographe-mariage-paris.eu\/blog\/wp-content\/uploads\/2024\/12\/24.png","width":512,"height":512,"caption":"Foretsensations.fr"},"image":{"@id":"https:\/\/photographe-mariage-paris.eu\/blog\/#\/schema\/logo\/image\/"}}]}},"_links":{"self":[{"href":"https:\/\/photographe-mariage-paris.eu\/blog\/wp-json\/wp\/v2\/pages\/69","targetHints":{"allow":["GET"]}}],"collection":[{"href":"https:\/\/photographe-mariage-paris.eu\/blog\/wp-json\/wp\/v2\/pages"}],"about":[{"href":"https:\/\/photographe-mariage-paris.eu\/blog\/wp-json\/wp\/v2\/types\/page"}],"author":[{"embeddable":true,"href":"https:\/\/photographe-mariage-paris.eu\/blog\/wp-json\/wp\/v2\/users\/34"}],"replies":[{"embeddable":true,"href":"https:\/\/photographe-mariage-paris.eu\/blog\/wp-json\/wp\/v2\/comments?post=69"}],"version-history":[{"count":35,"href":"https:\/\/photographe-mariage-paris.eu\/blog\/wp-json\/wp\/v2\/pages\/69\/revisions"}],"predecessor-version":[{"id":7899,"href":"https:\/\/photographe-mariage-paris.eu\/blog\/wp-json\/wp\/v2\/pages\/69\/revisions\/7899"}],"wp:attachment":[{"href":"https:\/\/photographe-mariage-paris.eu\/blog\/wp-json\/wp\/v2\/media?parent=69"}],"curies":[{"name":"wp","href":"https:\/\/api.w.org\/{rel}","templated":true}]}}